{"id":84,"date":"2013-03-04T14:53:40","date_gmt":"2013-03-04T14:53:40","guid":{"rendered":"http:\/\/www.ra-goehlich.de\/wp_test\/?page_id=84"},"modified":"2020-04-17T13:01:49","modified_gmt":"2020-04-17T13:01:49","slug":"geschichte","status":"publish","type":"page","link":"http:\/\/www.ra-goehlich.de\/wp_rag\/?page_id=84","title":{"rendered":"Geschichte"},"content":{"rendered":"<p>Im Dezember 2004 verlie\u00df Rechtsanwalt Sascha G\u00f6hlich die von ihm im Jahre 2002 mit gegr\u00fcndete Fritzlarer Rechtsanwaltssoziet\u00e4t \u201eFischer \u2013 G\u00f6hlich \u2013 Schneider\u201c, um seine Vorstellungen einer Rechtsanwaltskanzlei in einem neuen Ansatz verwirklichen zu k\u00f6nnen.<br \/>\nAus diesem Gedanken heraus wurde im Januar 2005 die Anwaltskanzlei G\u00f6hlich gegr\u00fcndet und zun\u00e4chst f\u00fcr ein Jahr als Einzel-Rechtsanwaltskanzlei betrieben.<\/p>\n<p>Nach einigen personellen Umbesetzungen wird die Kanzlei heute von Herrn G\u00f6hlich in B\u00fcrogemeinschaft mit Herrn Rechtsanwalt Pascal Flake gef\u00fchrt. Herr Flake deckt mit seiner anwaltlichen T\u00e4tigkeit die Bereiche Arbeits- und Sozialrecht, Familienrecht und Strafrecht ab und erg\u00e4nzt damit das Leistungsspektrum von Herrn Rechtsanwalt G\u00f6hlich ideal.<\/p>\n<p>Herr RA G\u00f6hlich f\u00fchrt den Titel des Fachanwalts f\u00fcr Bau- und Architektenrecht, Herr Flake hat die Fachanwaltslehrg\u00e4nge Arbeitsrecht und Familienrecht erfolgreich abgeschlossen.<br \/>\nIn dieser Konstellation, als kleines und effektives Team, ist die Kanzlei mit einem festen Personalstand seit dem Jahre 2013 in der Kasseler Stra\u00dfe 40-42 in Bad Emstal t\u00e4tig.<br \/>\nSowohl Herr G\u00f6hlich als auch Herr Flake bilden sich in ihren Rechtsbereichen regelm\u00e4\u00dfig fort und sind auch bereit, sich in nicht zu den Kernschwerpunkten liegende Rechtsgebiete und Fragen einzuarbeiten. Wesentliche Vorgabe ist dabei jedoch, dass ein Mandat nur dann \u00fcbernommen wird, wenn die Rechtsanw\u00e4lte sicherstellen k\u00f6nnen, dass unsere Mandanten die bestm\u00f6gliche und fachlich fundierte Beratung erhalten.<\/p>\n<p>Wir bitten daher um Verst\u00e4ndnis, dass wir von Zeit zu Zeit Mandatsanfragen ablehnen m\u00fcssen.<\/p>\n","protected":false},"excerpt":{"rendered":"<p>Im Dezember 2004 verlie\u00df Rechtsanwalt Sascha G\u00f6hlich die von ihm im Jahre 2002 mit gegr\u00fcndete Fritzlarer Rechtsanwaltssoziet\u00e4t \u201eFischer \u2013 G\u00f6hlich \u2013 Schneider\u201c, um seine Vorstellungen einer Rechtsanwaltskanzlei in einem neuen Ansatz verwirklichen zu k\u00f6nnen. Aus diesem Gedanken heraus wurde im Januar 2005 die Anwaltskanzlei G\u00f6hlich gegr\u00fcndet und zun\u00e4chst f\u00fcr ein Jahr als Einzel-Rechtsanwaltskanzlei betrieben. Nach &hellip; <\/p>\n<p class=\"link-more\"><a href=\"http:\/\/www.ra-goehlich.de\/wp_rag\/?page_id=84\" class=\"more-link\"><span class=\"screen-reader-text\">\u201eGeschichte\u201c<\/span> weiterlesen<\/a><\/p>\n","protected":false},"author":1,"featured_media":0,"parent":71,"menu_order":3,"comment_status":"closed","ping_status":"open","template":"","meta":{"jetpack_post_was_ever_published":false},"jetpack_sharing_enabled":true,"jetpack_shortlink":"https:\/\/wp.me\/Payw9Y-1m","_links":{"self":[{"href":"http:\/\/www.ra-goehlich.de\/wp_rag\/index.php?rest_route=\/wp\/v2\/pages\/84"}],"collection":[{"href":"http:\/\/www.ra-goehlich.de\/wp_rag\/index.php?rest_route=\/wp\/v2\/pages"}],"about":[{"href":"http:\/\/www.ra-goehlich.de\/wp_rag\/index.php?rest_route=\/wp\/v2\/types\/page"}],"author":[{"embeddable":true,"href":"http:\/\/www.ra-goehlich.de\/wp_rag\/index.php?rest_route=\/wp\/v2\/users\/1"}],"replies":[{"embeddable":true,"href":"http:\/\/www.ra-goehlich.de\/wp_rag\/index.php?rest_route=%2Fwp%2Fv2%2Fcomments&post=84"}],"version-history":[{"count":14,"href":"http:\/\/www.ra-goehlich.de\/wp_rag\/index.php?rest_route=\/wp\/v2\/pages\/84\/revisions"}],"predecessor-version":[{"id":680,"href":"http:\/\/www.ra-goehlich.de\/wp_rag\/index.php?rest_route=\/wp\/v2\/pages\/84\/revisions\/680"}],"up":[{"embeddable":true,"href":"http:\/\/www.ra-goehlich.de\/wp_rag\/index.php?rest_route=\/wp\/v2\/pages\/71"}],"wp:attachment":[{"href":"http:\/\/www.ra-goehlich.de\/wp_rag\/index.php?rest_route=%2Fwp%2Fv2%2Fmedia&parent=84"}],"curies":[{"name":"wp","href":"https:\/\/api.w.org\/{rel}","templated":true}]}}