{"id":77,"date":"2013-03-04T14:50:16","date_gmt":"2013-03-04T14:50:16","guid":{"rendered":"http:\/\/www.ra-goehlich.de\/wp_test\/?page_id=77"},"modified":"2020-04-16T18:23:37","modified_gmt":"2020-04-16T18:23:37","slug":"philosophie","status":"publish","type":"page","link":"http:\/\/www.ra-goehlich.de\/wp_rag\/?page_id=77","title":{"rendered":"Philosophie"},"content":{"rendered":"<p>Ich verstehe mich in erster Linie als Dienstleister. Das klassische Bild einer Anwaltskanzlei, die sich rein auf juristischen Fragen konzentriert, entspricht nicht meinem Leitbild. Ziel meiner T\u00e4tigkeit ist es vielmehr, meine Beratung optimal an den Interessen meiner Mandanten auszurichten und so zum wirtschaftlichen\u00a0Erfolg mit beizutragen.<\/p>\n<p><strong><!--more--><\/strong><\/p>\n<p align=\"LEFT\">Indem ich Empfehlungen und Entscheidungen nicht rein juristisch, sondern auch praktisch und wirtschaftlich vorbereite, kann ich den umfassenden Herausforderungen jedes einzelnen Falles gerecht werden.<\/p>\n<p align=\"LEFT\">Konsequenterweise beginnt mein Mandat nicht erst mit Einleitung oder Abwehr gerichtlicher Schritte, sondern schon fr\u00fchzeitig mit der au\u00dfergerichtlichen Beratung, Kl\u00e4rung und Probleml\u00f6sung. Zeit- und kostenintensive Prozesse sollen, wo m\u00f6glich, von vornherein vermieden werden.<\/p>\n<p align=\"LEFT\">Ist ein Prozess dennoch unausweichlich, dann will ich ihn genauso gewinnen wie Sie. Deshalb kl\u00e4re ich meine Mandanten nach gr\u00fcndlicher Pr\u00fcfung der Sachlage offen und objektiv \u00fcber die Erfolgsaussichten auf und passe mein Vorgehen an diese Prognose an.<\/p>\n<p align=\"LEFT\">In wenig aussichtsreichen und selbst aussichtslosen F\u00e4llen versuche ich, durch intensive Verhandlungen dennoch ein bestm\u00f6gliches Ergebnis zu erzielen.<\/p>\n<p align=\"LEFT\">Um dies zu erreichen, halte ich konsequente und gute Fortbildung f\u00fcr erforderlich. So lasse ich mich j\u00e4hjrlich in den Bereichen des Bau- und Arhcitektenrechts fortbilden und bin auch selbst aus Dozent f\u00fcr die Juristenausbildung am LG Kassel sowie f\u00fcr den GIH (Geb\u00e4udeenergieberater in Hessen) t\u00e4tig. Die hierdurch erlangte Kenntnis wird mir seit dem Jahre 2007 durchg\u00e4ngig durch das Zertifikat &#8222;Qualit\u00e4t durch Fortbildung&#8220; bescheinigt.<\/p>\n<p align=\"LEFT\">\n","protected":false},"excerpt":{"rendered":"<p>Ich verstehe mich in erster Linie als Dienstleister. Das klassische Bild einer Anwaltskanzlei, die sich rein auf juristischen Fragen konzentriert, entspricht nicht meinem Leitbild. Ziel meiner T\u00e4tigkeit ist es vielmehr, meine Beratung optimal an den Interessen meiner Mandanten auszurichten und so zum wirtschaftlichen\u00a0Erfolg mit beizutragen.<\/p>\n","protected":false},"author":1,"featured_media":552,"parent":71,"menu_order":2,"comment_status":"closed","ping_status":"open","template":"","meta":{"jetpack_post_was_ever_published":false},"jetpack_sharing_enabled":true,"jetpack_shortlink":"https:\/\/wp.me\/Payw9Y-1f","_links":{"self":[{"href":"http:\/\/www.ra-goehlich.de\/wp_rag\/index.php?rest_route=\/wp\/v2\/pages\/77"}],"collection":[{"href":"http:\/\/www.ra-goehlich.de\/wp_rag\/index.php?rest_route=\/wp\/v2\/pages"}],"about":[{"href":"http:\/\/www.ra-goehlich.de\/wp_rag\/index.php?rest_route=\/wp\/v2\/types\/page"}],"author":[{"embeddable":true,"href":"http:\/\/www.ra-goehlich.de\/wp_rag\/index.php?rest_route=\/wp\/v2\/users\/1"}],"replies":[{"embeddable":true,"href":"http:\/\/www.ra-goehlich.de\/wp_rag\/index.php?rest_route=%2Fwp%2Fv2%2Fcomments&post=77"}],"version-history":[{"count":15,"href":"http:\/\/www.ra-goehlich.de\/wp_rag\/index.php?rest_route=\/wp\/v2\/pages\/77\/revisions"}],"predecessor-version":[{"id":661,"href":"http:\/\/www.ra-goehlich.de\/wp_rag\/index.php?rest_route=\/wp\/v2\/pages\/77\/revisions\/661"}],"up":[{"embeddable":true,"href":"http:\/\/www.ra-goehlich.de\/wp_rag\/index.php?rest_route=\/wp\/v2\/pages\/71"}],"wp:featuredmedia":[{"embeddable":true,"href":"http:\/\/www.ra-goehlich.de\/wp_rag\/index.php?rest_route=\/wp\/v2\/media\/552"}],"wp:attachment":[{"href":"http:\/\/www.ra-goehlich.de\/wp_rag\/index.php?rest_route=%2Fwp%2Fv2%2Fmedia&parent=77"}],"curies":[{"name":"wp","href":"https:\/\/api.w.org\/{rel}","templated":true}]}}