{"id":120,"date":"2013-03-04T15:02:59","date_gmt":"2013-03-04T15:02:59","guid":{"rendered":"http:\/\/www.ra-goehlich.de\/wp_test\/?page_id=120"},"modified":"2020-04-16T17:06:55","modified_gmt":"2020-04-16T17:06:55","slug":"vertragsrecht","status":"publish","type":"page","link":"http:\/\/www.ra-goehlich.de\/wp_rag\/?page_id=120","title":{"rendered":"Vertragsrecht"},"content":{"rendered":"<p>Haben Sie einen Vertrag geschlossen (welcher Art auch immer) und haben nun einzelne Fragen im Zusammenhang mit der Abwicklung oder der Behandlung spezieller Einzelfragen?<\/p>\n<p>Oder beabsichtigen Sie, einen Vertrag zu schlie\u00dfen und m\u00f6chten vermeiden, dass Sie sich auf Dinge einlassen, die Ihnen sp\u00e4ter zum Nachteil werden k\u00f6nnen?<\/p>\n<p>Als Rechtsanwalt mit vertragsrechtlicher Ausrichtung kann ich Ihnen helfen. Ich begleite Sie von der ersten Idee \u00fcber den ersten Vertragsentwurf bis hin zum Abschluss eines Vertrages und dessen Durchsetzung, auch in den schwierigen Bereichen. Selbstverst\u00e4ndlich \u00fcberpr\u00fcfe ich auch bereits bestehende oder abzuschlie\u00dfende Vertr\u00e4ge auf ihre Inhalte und Risiken.<\/p>\n<p>So kann ich Sie fr\u00fchzeitig auf problematische Regelungen hinweisen, um sp\u00e4teren Unstimmigkeiten oder gar Prozessen vorzubeugen, wo immer dies m\u00f6glich ist.<\/p>\n","protected":false},"excerpt":{"rendered":"<p>Haben Sie einen Vertrag geschlossen (welcher Art auch immer) und haben nun einzelne Fragen im Zusammenhang mit der Abwicklung oder der Behandlung spezieller Einzelfragen? Oder beabsichtigen Sie, einen Vertrag zu schlie\u00dfen und m\u00f6chten vermeiden, dass Sie sich auf Dinge einlassen, die Ihnen sp\u00e4ter zum Nachteil werden k\u00f6nnen? Als Rechtsanwalt mit vertragsrechtlicher Ausrichtung kann ich Ihnen &hellip; <\/p>\n<p class=\"link-more\"><a href=\"http:\/\/www.ra-goehlich.de\/wp_rag\/?page_id=120\" class=\"more-link\"><span class=\"screen-reader-text\">\u201eVertragsrecht\u201c<\/span> weiterlesen<\/a><\/p>\n","protected":false},"author":1,"featured_media":0,"parent":102,"menu_order":4,"comment_status":"closed","ping_status":"open","template":"","meta":{"jetpack_post_was_ever_published":false},"jetpack_sharing_enabled":true,"jetpack_shortlink":"https:\/\/wp.me\/Payw9Y-1W","_links":{"self":[{"href":"http:\/\/www.ra-goehlich.de\/wp_rag\/index.php?rest_route=\/wp\/v2\/pages\/120"}],"collection":[{"href":"http:\/\/www.ra-goehlich.de\/wp_rag\/index.php?rest_route=\/wp\/v2\/pages"}],"about":[{"href":"http:\/\/www.ra-goehlich.de\/wp_rag\/index.php?rest_route=\/wp\/v2\/types\/page"}],"author":[{"embeddable":true,"href":"http:\/\/www.ra-goehlich.de\/wp_rag\/index.php?rest_route=\/wp\/v2\/users\/1"}],"replies":[{"embeddable":true,"href":"http:\/\/www.ra-goehlich.de\/wp_rag\/index.php?rest_route=%2Fwp%2Fv2%2Fcomments&post=120"}],"version-history":[{"count":3,"href":"http:\/\/www.ra-goehlich.de\/wp_rag\/index.php?rest_route=\/wp\/v2\/pages\/120\/revisions"}],"predecessor-version":[{"id":386,"href":"http:\/\/www.ra-goehlich.de\/wp_rag\/index.php?rest_route=\/wp\/v2\/pages\/120\/revisions\/386"}],"up":[{"embeddable":true,"href":"http:\/\/www.ra-goehlich.de\/wp_rag\/index.php?rest_route=\/wp\/v2\/pages\/102"}],"wp:attachment":[{"href":"http:\/\/www.ra-goehlich.de\/wp_rag\/index.php?rest_route=%2Fwp%2Fv2%2Fmedia&parent=120"}],"curies":[{"name":"wp","href":"https:\/\/api.w.org\/{rel}","templated":true}]}}