{"id":116,"date":"2013-03-04T15:02:14","date_gmt":"2013-03-04T15:02:14","guid":{"rendered":"http:\/\/www.ra-goehlich.de\/wp_test\/?page_id=116"},"modified":"2020-04-16T16:54:59","modified_gmt":"2020-04-16T16:54:59","slug":"inkasso","status":"publish","type":"page","link":"http:\/\/www.ra-goehlich.de\/wp_rag\/?page_id=116","title":{"rendered":"Inkasso"},"content":{"rendered":"<p>Bedingt durch die wirtschaftliche Grundentwicklung und die entsprechende Berichterstattung in den Medien, haben viele Unternehmer aufgrund gesunkener Zahlungsmoral ihrer Kunden oft erhebliche Au\u00dfenst\u00e4nde zu beklagen.<\/p>\n<p>Dies trifft insbesondere kleine und mittelst\u00e4ndische Unternehmen hart, denn die Durchsetzung dieser Au\u00dfenst\u00e4nde kostet oft viel Zeit, erh\u00f6ht die Kosten, senkt die eigene Zahlungsf\u00e4higkeit des Unternehmens und macht Zahlungseing\u00e4nge immer schwerer planbar.<\/p>\n<p>Deshalb bin ich im Bereich der Realisierung ausstehender Forderungen schwerpunktm\u00e4\u00dfig t\u00e4tig und verfeinere meine Vorgehensweise st\u00e4ndig. Im Vordergrund steht hierbei vor allem ein wirtschaftlich attraktives, schnelles und f\u00fcr unsere Mandanten transparentes Vorgehen. Jede Ma\u00dfnahme wird vorher unter Ber\u00fccksichtigung von Kosten, Aussichten und Folgen mit unseren Mandanten abgesprochen.<\/p>\n<p>Ihre Vorteile: Mahnung, Mahnverfahren, Klage, Vollstreckung, Zahlungs\u00fcberwachung &#8211; alles liegt in einer Hand. Der genaue Ablauf wird mit Ihnen in Ihrem Unternehmen anhand Ihrer eigenen Rechnungs- und Mahnpraxis besprochen und optimiert. Ich \u00fcbernehme zu einem von Ihnen bestimmten, aber in ein standardisiertes Verfahren eingebetteten Punkt.<\/p>\n<p>Das gesamte Schuldnermanagement kann auf diese Weise vom Mandanten ausgegliedert und ohne gro\u00dfen b\u00fcrokratischen Aufwand von uns bearbeitet werden. Die Zusammenarbeit der Kanzlei mit einem etablierten und zertifizierten Inkassounternehmen bietet hier auch weitere M\u00f6glichkeiten einer Forderungsrealisierung.<\/p>\n","protected":false},"excerpt":{"rendered":"<p>Bedingt durch die wirtschaftliche Grundentwicklung und die entsprechende Berichterstattung in den Medien, haben viele Unternehmer aufgrund gesunkener Zahlungsmoral ihrer Kunden oft erhebliche Au\u00dfenst\u00e4nde zu beklagen. Dies trifft insbesondere kleine und mittelst\u00e4ndische Unternehmen hart, denn die Durchsetzung dieser Au\u00dfenst\u00e4nde kostet oft viel Zeit, erh\u00f6ht die Kosten, senkt die eigene Zahlungsf\u00e4higkeit des Unternehmens und macht Zahlungseing\u00e4nge immer &hellip; <\/p>\n<p class=\"link-more\"><a href=\"http:\/\/www.ra-goehlich.de\/wp_rag\/?page_id=116\" class=\"more-link\"><span class=\"screen-reader-text\">\u201eInkasso\u201c<\/span> weiterlesen<\/a><\/p>\n","protected":false},"author":1,"featured_media":0,"parent":102,"menu_order":2,"comment_status":"closed","ping_status":"open","template":"","meta":{"jetpack_post_was_ever_published":false},"jetpack_sharing_enabled":true,"jetpack_shortlink":"https:\/\/wp.me\/Payw9Y-1S","_links":{"self":[{"href":"http:\/\/www.ra-goehlich.de\/wp_rag\/index.php?rest_route=\/wp\/v2\/pages\/116"}],"collection":[{"href":"http:\/\/www.ra-goehlich.de\/wp_rag\/index.php?rest_route=\/wp\/v2\/pages"}],"about":[{"href":"http:\/\/www.ra-goehlich.de\/wp_rag\/index.php?rest_route=\/wp\/v2\/types\/page"}],"author":[{"embeddable":true,"href":"http:\/\/www.ra-goehlich.de\/wp_rag\/index.php?rest_route=\/wp\/v2\/users\/1"}],"replies":[{"embeddable":true,"href":"http:\/\/www.ra-goehlich.de\/wp_rag\/index.php?rest_route=%2Fwp%2Fv2%2Fcomments&post=116"}],"version-history":[{"count":11,"href":"http:\/\/www.ra-goehlich.de\/wp_rag\/index.php?rest_route=\/wp\/v2\/pages\/116\/revisions"}],"predecessor-version":[{"id":621,"href":"http:\/\/www.ra-goehlich.de\/wp_rag\/index.php?rest_route=\/wp\/v2\/pages\/116\/revisions\/621"}],"up":[{"embeddable":true,"href":"http:\/\/www.ra-goehlich.de\/wp_rag\/index.php?rest_route=\/wp\/v2\/pages\/102"}],"wp:attachment":[{"href":"http:\/\/www.ra-goehlich.de\/wp_rag\/index.php?rest_route=%2Fwp%2Fv2%2Fmedia&parent=116"}],"curies":[{"name":"wp","href":"https:\/\/api.w.org\/{rel}","templated":true}]}}