{"id":115,"date":"2013-03-04T15:01:58","date_gmt":"2013-03-04T15:01:58","guid":{"rendered":"http:\/\/www.ra-goehlich.de\/wp_test\/?page_id=115"},"modified":"2020-04-16T16:53:36","modified_gmt":"2020-04-16T16:53:36","slug":"baurecht","status":"publish","type":"page","link":"http:\/\/www.ra-goehlich.de\/wp_rag\/?page_id=115","title":{"rendered":"Baurecht"},"content":{"rendered":"<h1>Privates Bau- und Architektenrecht<\/h1>\n<p>Das private Baurecht ist eine komplexe und technisierte Rechtsmaterie. Au\u00dfergerichtlich wie prozessual gelten oft eigene Regeln. VOB- oder Werkvertrag, Abnahme und M\u00e4ngel \u2013 Juristen st\u00f6hnen, Bauherren, Architekten und Bauunternehmer sind sich unsicher.<\/p>\n<p>Das private Bau- und Architektenrecht umfasst s\u00e4mt-liche Beziehungen zwischen Bauherren, Architekten und Bauunternehmern. M\u00e4ngel am Bauwerk, Abschl\u00e4ge, Vorsch\u00fcsse, die Abnahme, Architekten-honorar und die Bezahlung von Rechnungen&#8230; das sind nur einige Kernpunkte, die immer aufs Neue ins juristische Kreuzfeuer geraten.<\/p>\n<p>Eine gute Vertragsgestaltung bzw. Vertragspr\u00fcfung kann Risiken im privaten Baurecht mindern. Bauverz\u00f6gerungen lassen sich durch wirksame Mittel wieder ankurbeln. Bei bau- und nachbarrechtlichen Streitigkeiten ist die konstruktive Vermittlung der Interessen oft die bessere Wahl als die Konfrontation, insbesondere dann, wenn auf beiden Seiten der Streitigkeit Unternehmer stehen, die auch nach dem betreffenden Bauvorhaben wieder gemeinsam arbeiten wollen.<\/p>\n<p>Sichern Sie sich Ihre Rechte als Baubeteiligter schon durch eine fundierte Beratung und Vertragsgestaltung. Eine baurechtliche Vertretung und Beratung aus einer Hand sichert ihnen positive Synergieeffekte, vor allem aber Zeitersparnis und Stressminimierung.<\/p>\n<p>Nat\u00fcrlich vertrete ich meine Mandanten auch im Bauprozess engagiert.<\/p>\n","protected":false},"excerpt":{"rendered":"<p>Privates Bau- und Architektenrecht Das private Baurecht ist eine komplexe und technisierte Rechtsmaterie. Au\u00dfergerichtlich wie prozessual gelten oft eigene Regeln. VOB- oder Werkvertrag, Abnahme und M\u00e4ngel \u2013 Juristen st\u00f6hnen, Bauherren, Architekten und Bauunternehmer sind sich unsicher. Das private Bau- und Architektenrecht umfasst s\u00e4mt-liche Beziehungen zwischen Bauherren, Architekten und Bauunternehmern. M\u00e4ngel am Bauwerk, Abschl\u00e4ge, Vorsch\u00fcsse, die &hellip; <\/p>\n<p class=\"link-more\"><a href=\"http:\/\/www.ra-goehlich.de\/wp_rag\/?page_id=115\" class=\"more-link\"><span class=\"screen-reader-text\">\u201eBaurecht\u201c<\/span> weiterlesen<\/a><\/p>\n","protected":false},"author":1,"featured_media":0,"parent":102,"menu_order":1,"comment_status":"closed","ping_status":"open","template":"","meta":{"jetpack_post_was_ever_published":false},"jetpack_sharing_enabled":true,"jetpack_shortlink":"https:\/\/wp.me\/Payw9Y-1R","_links":{"self":[{"href":"http:\/\/www.ra-goehlich.de\/wp_rag\/index.php?rest_route=\/wp\/v2\/pages\/115"}],"collection":[{"href":"http:\/\/www.ra-goehlich.de\/wp_rag\/index.php?rest_route=\/wp\/v2\/pages"}],"about":[{"href":"http:\/\/www.ra-goehlich.de\/wp_rag\/index.php?rest_route=\/wp\/v2\/types\/page"}],"author":[{"embeddable":true,"href":"http:\/\/www.ra-goehlich.de\/wp_rag\/index.php?rest_route=\/wp\/v2\/users\/1"}],"replies":[{"embeddable":true,"href":"http:\/\/www.ra-goehlich.de\/wp_rag\/index.php?rest_route=%2Fwp%2Fv2%2Fcomments&post=115"}],"version-history":[{"count":7,"href":"http:\/\/www.ra-goehlich.de\/wp_rag\/index.php?rest_route=\/wp\/v2\/pages\/115\/revisions"}],"predecessor-version":[{"id":619,"href":"http:\/\/www.ra-goehlich.de\/wp_rag\/index.php?rest_route=\/wp\/v2\/pages\/115\/revisions\/619"}],"up":[{"embeddable":true,"href":"http:\/\/www.ra-goehlich.de\/wp_rag\/index.php?rest_route=\/wp\/v2\/pages\/102"}],"wp:attachment":[{"href":"http:\/\/www.ra-goehlich.de\/wp_rag\/index.php?rest_route=%2Fwp%2Fv2%2Fmedia&parent=115"}],"curies":[{"name":"wp","href":"https:\/\/api.w.org\/{rel}","templated":true}]}}