{"id":112,"date":"2013-03-04T15:00:16","date_gmt":"2013-03-04T15:00:16","guid":{"rendered":"http:\/\/www.ra-goehlich.de\/wp_test\/?page_id=112"},"modified":"2024-07-03T13:45:28","modified_gmt":"2024-07-03T13:45:28","slug":"impressum","status":"publish","type":"page","link":"http:\/\/www.ra-goehlich.de\/wp_rag\/?page_id=112","title":{"rendered":"Impressum"},"content":{"rendered":"<h1>Anwaltskanzlei G\u00f6hlich<\/h1>\n<p>Kasseler Stra\u00dfe 40-42<br \/>\n34308 Bad Emstal<\/p>\n<p><strong>Tel.:<\/strong> \u00a0 \u00a0 \u00a0 0 56 24 &#8211; 92 17 92<br \/>\n<strong>Fax.:<\/strong> \u00a0 \u00a0\u00a0 0 56 24 &#8211; 92 17 93<br \/>\n<strong>E-Mail:<\/strong> <a href=\"mailto:kontakt@ra-goehlich.de\">kontakt@ra-goehlich.de<\/a><\/p>\n<p><b>St.Nr.:<\/b> \u00a0 26 821 62757<\/p>\n<h2>verantwortlich f\u00fcr den Inhalt:<\/h2>\n<p>Sascha G\u00f6hlich, zugelassen als Rechtsanwalt in der Bundesrepublik Deutschland bei dem Amtsgericht Kassel und Landgericht Kassel.<\/p>\n<h2>Zust\u00e4ndige Kammer<\/h2>\n<p>Rechtsanwaltskammer Kassel<br \/>\nKarth\u00e4userstra\u00dfe 5a<br \/>\n34117 Kassel<\/p>\n<p><b>E-Mail:\u00a0 <\/b><span style=\"color: #1b1f82;\"><a href=\"mailto:rak@rechtsanwaltskammer-kassel.de\" target=\"_blank\" rel=\"noopener noreferrer\">rak@rechtsanwaltskammer-kassel.de<\/a><\/span><\/p>\n<p><span style=\"color: #000000;\"> <b>Web: \u00a0 \u00a0\u00a0 <\/b><span style=\"color: #1b1f82;\"><a href=\"http:\/\/www.rechtsanwaltskammer-kassel.de\" target=\"_blank\" rel=\"noopener noreferrer\">http:\/\/www.rechtsanwaltskammer-kassel.de<\/a><\/span><span style=\"color: #000000;\"><br \/>\n<b>Tel.:<\/b> \u00a0 \u00a0 \u00a0\u00a0 0 561 &#8211; 78 80 98 0<br \/>\n<span style=\"color: #000000;\"><b>Fax.:<\/b> \u00a0 \u00a0 \u00a0 0 561 &#8211; 78 80 98 11<\/span><\/span><\/span><\/p>\n<h2>Berufshaftpflichtversicherung<\/h2>\n<p><span style=\"color: #000000;\"><span style=\"color: #000000;\">Rechtsanw\u00e4lte sind aufgrund der <span style=\"color: #1b1f82;\"><a title=\"Bundesrechtsanwaltsordnung im Netz\" href=\"http:\/\/www.rechtssicher.info\/BRAO.831.0.html\" target=\"_blank\" rel=\"noopener noreferrer\">Bundesrechtsanwaltsordnung<\/a><\/span><span style=\"color: #000000;\"> (BRAO) verpflichtet, eine Berufshaftpflichtversicherung mit einer Mindestversicherungssumme von 250.000 Euro zu unterhalten. Die Einzelheiten ergeben sich aus <span style=\"color: #1b1f82;\"><a href=\"http:\/\/www.rechtssicher.info\/BRAO.831.0.html\" target=\"_blank\" rel=\"noopener noreferrer\">\u00a7 51<\/a><\/span><span style=\"color: #000000;\"> BRAO. <\/span><\/span><\/span><\/span><\/p>\n<h3><span style=\"color: #000000;\"><span style=\"color: #000000;\"><span style=\"color: #000000;\"><span style=\"color: #000000;\">F\u00fcr Herrn Rechtsanwalt Sascha G\u00f6hlich besteht die Berufshaftpflichtversicherung bei: <\/span><\/span><\/span><\/span><\/h3>\n<p><span style=\"color: #000000;\"><span style=\"color: #000000;\"><span style=\"color: #000000;\"><span style=\"color: #000000;\">AFB, Generali Versicherungen<br \/>\nKaistra\u00dfe 13<br \/>\n40221 D\u00fcsseldorf <\/span><\/span><\/span><\/span><\/p>\n<p><span style=\"color: #000000;\"><span style=\"color: #000000;\"><span style=\"color: #000000;\"><span style=\"color: #000000;\"><strong>Tel.:<\/strong> \u00a0\u00a0 0 211 &#8211; 49 36 565<br \/>\n<span style=\"color: #000000;\"><strong>Fax.:<\/strong> \u00a0 0 211 &#8211; 49 30 965<\/span><\/span><\/span><\/span><\/span><\/p>\n<h2>Geltende berufsrechtliche Regelungen<\/h2>\n<ul>\n<li>Berufsordnung f\u00fcr Rechtsanw\u00e4lte (BORA)<\/li>\n<li>Bundesrechtsanwaltsordnung (BRAO)<\/li>\n<li>Fachanwaltsordnung<\/li>\n<li>Rechtsanwaltsverg\u00fctungsgesetz (RVG)<\/li>\n<li>Grundlagen der deutschen Anwaltsgeb\u00fchren<\/li>\n<\/ul>\n<p>Berufsregeln der Rechtsanw\u00e4lte der Europ\u00e4ischen Gemeinschaften Diese Inhalte k\u00f6nnen auf der Website der <span style=\"color: #1b1f82;\"><a href=\"http:\/\/www.brak.de\/seiten\/06.php\" target=\"_blank\" rel=\"noopener noreferrer\">Bundesrechtsanwaltskammer<\/a><span style=\"color: #000000;\"> eingesehen und abgerufen werden.<\/span><\/span><\/p>\n<h2>Verlinkte Seiten unserer Partner<\/h2>\n<p><span style=\"color: #1b1f82;\"><span style=\"color: #000000;\">Hiermit nehmen wir Bezug auf das Urteil des Landgericht Hamburg vom 12.5.98: das man durch die Anbringung eines Links die Inhalte der gelinkten URL ggf. mitzuverantworten hat. Wir haben auf unserer WebSite Links zu Homepages von Partnerfirmen eingerichtet. Wir haben keinen Einfluss auf deren Inhalt und Gestaltung. Da wir dieses Seiten auch nur stichprobenartig \u00fcberpr\u00fcft haben, distanzieren wir uns hiermit ausdr\u00fccklich vom Inhalt und der Gestaltung der gelinkten Seiten.<\/span><\/span><\/p>\n<h2>Hinweis auf Zusammenarbeit mit anderen Berufstr\u00e4gern und zur Interessenkollision<\/h2>\n<p><span style=\"color: #1b1f82;\"><span style=\"color: #000000;\">Rechtsanwalt G\u00f6hlich arbeitet mit Rechtsanwalt Pascal Flake zusammen in B\u00fcrogemeinschaft. Er erbringt seine beruflichen Leistungen stets in eigenem Namen, auf eigene Rechnung und mit eigener Haftung \u2013 ebenso wie die Anwaltskanzlei Flake. Die Wahrnehmung widerstreitender Interessen ist Rechtsanw\u00e4lten aufgrund berufsrechtlicher Regelungen gem. <span style=\"color: #1b1f82;\"><a href=\"http:\/\/www.rechtssicher.info\/BRAO.831.0.html\" target=\"_blank\" rel=\"noopener noreferrer\">BRAO<\/a><\/span><span style=\"color: #000000;\"> untersagt. Vor Annahme eines Mandats wird deshalb immer gepr\u00fcft, ob ein Interessenkonflikt vorliegt. M\u00f6glichen Interessenkonflikten innerhalb der B\u00fcrogemeinschaft wird durch die vorherige Abfrage von Namen und Kontaktdaten der potentiellen Mandanten und Gegenseiten sowie einem computergest\u00fctzten Abgleich mit den bisher vertretenen Mandanten vorgebeugt.<\/span><\/span><\/span><\/p>\n<h2>Informationen zur au\u00dfergerichtlichen Streitschlichtung<\/h2>\n<p>Bei Streitigkeiten zwischen Rechtsanw\u00e4lten und ihren Mandanten besteht auf Antrag die M\u00f6glichkeit der au\u00dfergerichtlichen Streitschlichtung bei der \u00f6rtlichen Rechtsanwaltskammer (Anschrift siehe unten) oder bei der Schlichtungsstelle der Rechtsanwaltschaft bei der Bundesrechtsanwaltskammer (Ombudsmann). Nach den Vorgaben der BRAO ist diese letztgenannte unabh\u00e4ngige, bundesweit t\u00e4tige Schlichtungsstelle f\u00fcr die Rechtsanwaltschaft errichtet worden. Die Organisation dieser Schlichtungsstelle sowie der Ablauf der Schlichtungsverfahren sind in der Satzung der Schlichtungsstelle der Rechtsanwaltschaft geregelt. Weitere Informationen finden sich auf dem <span style=\"color: #1b1f82;\"><span style=\"color: #000000;\"><span style=\"color: #000000;\"><span style=\"color: #1b1f82;\"><a href=\"http:\/\/www.brak.de\" target=\"_blank\" rel=\"noopener noreferrer\">Internetangebot der Bundesrechtsanwaltskammer<\/a><\/span><span style=\"color: #000000;\">.<\/span><\/span><\/span><\/span><\/p>\n<h3>Anschrift:<\/h3>\n<p><span style=\"color: #1b1f82;\"><span style=\"color: #000000;\"><span style=\"color: #000000;\"><span style=\"color: #000000;\">Bundesrechtsanwaltskammer Schlichtungsstelle der Rechtsanwaltschaft<br \/>\nLittenstr. 9<br \/>\n10179 Berlin<\/span><\/span><\/span><\/span><\/p>\n<p><span style=\"color: #1b1f82;\"><span style=\"color: #000000;\"><span style=\"color: #000000;\"><span style=\"color: #000000;\"><b>E-Mail: <\/b><span style=\"color: #1b1f82;\"><a href=\"mailto:schlichtungsstelle@brak.de\" target=\"_blank\" rel=\"noopener noreferrer\">schlichtungsstelle@brak.de<\/a><\/span><\/span><\/span><\/span><\/span><\/p>\n<p><span style=\"color: #1b1f82;\"><span style=\"color: #000000;\"><span style=\"color: #000000;\"><span style=\"color: #000000;\"><span style=\"color: #000000;\"> Rechtsanwaltskammer Kassel K\u00f6rperschaft des \u00f6ffentlichen Rechts<br \/>\nKarth\u00e4userstra\u00dfe 5a<br \/>\n34117 Kassel<\/span><\/span><\/span><\/span><\/span><\/p>\n<p><span style=\"color: #1b1f82;\"><span style=\"color: #000000;\"><b>E-Mail: \u00a0 <\/b><span style=\"color: #1b1f82;\"><a href=\"mailto:rak@rechtsanwaltskammer-kassel.de\" target=\"_blank\" rel=\"noopener noreferrer\">rak@rechtsanwaltskammer-kassel.de<\/a><span style=\"text-decoration: underline;\"><a href=\"mailto:rak@rechtsanwaltskammer-kassel.de\" target=\"_blank\" rel=\"noopener noreferrer\"><br \/>\n<\/a><\/span><span style=\"color: #1b1f82;\"><span style=\"color: #000000;\"><b>Web: \u00a0 \u00a0 \u00a0 <\/b><\/span><\/span><a href=\"http:\/\/www.rechtsanwaltskammer-kassel.de\" target=\"_blank\" rel=\"noopener noreferrer\">http:\/\/www.rechtsanwaltskammer-kassel.de<\/a><\/span><\/span><\/span><\/p>\n<p><span style=\"color: #1b1f82;\"><span style=\"color: #000000;\"><span style=\"color: #000000;\"><span style=\"color: #000000;\"><span style=\"color: #000000;\"><span style=\"color: #000000;\"><span style=\"color: #000000;\"> <b>Tel.:<\/b> \u00a0 \u00a0 \u00a0 \u00a0 0 561 &#8211; 78 80 98 0<br \/>\n<b>Fax.:<\/b> \u00a0 \u00a0 \u00a0\u00a0 0 561 &#8211; 78 80 98 11<\/span><\/span><\/span><\/span><\/span><\/span><\/span><\/p>\n","protected":false},"excerpt":{"rendered":"<p>Anwaltskanzlei G\u00f6hlich Kasseler Stra\u00dfe 40-42 34308 Bad Emstal Tel.: \u00a0 \u00a0 \u00a0 0 56 24 &#8211; 92 17 92 Fax.: \u00a0 \u00a0\u00a0 0 56 24 &#8211; 92 17 93 E-Mail: kontakt@ra-goehlich.de St.Nr.: \u00a0 26 821 62757 verantwortlich f\u00fcr den Inhalt: Sascha G\u00f6hlich, zugelassen als Rechtsanwalt in der Bundesrepublik Deutschland bei dem Amtsgericht Kassel und Landgericht &hellip; <\/p>\n<p class=\"link-more\"><a href=\"http:\/\/www.ra-goehlich.de\/wp_rag\/?page_id=112\" class=\"more-link\"><span class=\"screen-reader-text\">\u201eImpressum\u201c<\/span> weiterlesen<\/a><\/p>\n","protected":false},"author":1,"featured_media":0,"parent":0,"menu_order":6,"comment_status":"closed","ping_status":"open","template":"","meta":{"jetpack_post_was_ever_published":false},"jetpack_sharing_enabled":true,"jetpack_shortlink":"https:\/\/wp.me\/Payw9Y-1O","_links":{"self":[{"href":"http:\/\/www.ra-goehlich.de\/wp_rag\/index.php?rest_route=\/wp\/v2\/pages\/112"}],"collection":[{"href":"http:\/\/www.ra-goehlich.de\/wp_rag\/index.php?rest_route=\/wp\/v2\/pages"}],"about":[{"href":"http:\/\/www.ra-goehlich.de\/wp_rag\/index.php?rest_route=\/wp\/v2\/types\/page"}],"author":[{"embeddable":true,"href":"http:\/\/www.ra-goehlich.de\/wp_rag\/index.php?rest_route=\/wp\/v2\/users\/1"}],"replies":[{"embeddable":true,"href":"http:\/\/www.ra-goehlich.de\/wp_rag\/index.php?rest_route=%2Fwp%2Fv2%2Fcomments&post=112"}],"version-history":[{"count":34,"href":"http:\/\/www.ra-goehlich.de\/wp_rag\/index.php?rest_route=\/wp\/v2\/pages\/112\/revisions"}],"predecessor-version":[{"id":749,"href":"http:\/\/www.ra-goehlich.de\/wp_rag\/index.php?rest_route=\/wp\/v2\/pages\/112\/revisions\/749"}],"wp:attachment":[{"href":"http:\/\/www.ra-goehlich.de\/wp_rag\/index.php?rest_route=%2Fwp%2Fv2%2Fmedia&parent=112"}],"curies":[{"name":"wp","href":"https:\/\/api.w.org\/{rel}","templated":true}]}}